{"id":41,"date":"2022-04-21T12:16:36","date_gmt":"2022-04-21T10:16:36","guid":{"rendered":"https:\/\/www.trecissimo.com\/web\/?page_id=41"},"modified":"2022-05-26T15:38:56","modified_gmt":"2022-05-26T13:38:56","slug":"manuel-de-lorganisateur","status":"publish","type":"page","link":"https:\/\/www.trecissimo.com\/web\/manuel-de-lorganisateur\/","title":{"rendered":"Manuel de l&rsquo;organisateur"},"content":{"rendered":"\n<p><strong>Ce manuel est destin\u00e9 aux organisateurs de TREC<\/strong>. Il a pour objectif de d\u00e9crire les diff\u00e9rentes \u00e9tapes qui vont leur permettre de configurer leur concours pour une utilisation optimale.<\/p>\n\n\n\n<p>Le manuel est compos\u00e9 d&rsquo;une page par item du menu principal de TRECissimo. Cliquez sur les liens ci-dessous pour y acc\u00e9der.<\/p>\n\n\n\n<h2 class=\"wp-block-heading\">Menu :<\/h2>\n\n\n\n<ul class=\"wp-block-list\"><li><h3><a href=\"https:\/\/www.trecissimo.com\/web\/2022\/04\/21\/obtenir-un-compte-trecissimo\/\" data-type=\"post\" data-id=\"39\">Obtenir un compte TRECissimo<\/a><\/h3><\/li><li><h3><a href=\"https:\/\/www.trecissimo.com\/web\/2022\/04\/21\/configuration-concours\/\" data-type=\"post\" data-id=\"49\">Configuration concours<\/a><\/h3><\/li><li><h3><a href=\"https:\/\/www.trecissimo.com\/web\/2022\/04\/22\/configuration-engages\/\" data-type=\"post\" data-id=\"71\">Configuration engag\u00e9s<\/a><\/h3><\/li><li><h3><a href=\"https:\/\/www.trecissimo.com\/web\/2022\/04\/22\/verification-configuration\/\" data-type=\"post\" data-id=\"151\">V\u00e9rification configuration<\/a><\/h3><\/li><li><h3><a href=\"https:\/\/www.trecissimo.com\/web\/2022\/04\/22\/documents-divers\/\" data-type=\"post\" data-id=\"75\">Documents divers<\/a><\/h3><\/li><li><h3><a href=\"https:\/\/www.trecissimo.com\/web\/2022\/04\/22\/saisie-resultats\/\" data-type=\"post\" data-id=\"80\">Saisie r\u00e9sultats<\/a><\/h3><\/li><li><h3><a href=\"https:\/\/www.trecissimo.com\/web\/2022\/04\/22\/export-resultats\/\" data-type=\"post\" data-id=\"92\">Export r\u00e9sultats<\/a><\/h3><\/li><\/ul>\n","protected":false},"excerpt":{"rendered":"<p>Ce manuel est destin\u00e9 aux organisateurs de TREC. Il a pour objectif de d\u00e9crire les diff\u00e9rentes \u00e9tapes qui vont leur permettre de configurer leur concours pour une utilisation optimale. Le manuel est compos\u00e9 d&rsquo;une page par item du menu principal de TRECissimo. Cliquez sur les liens ci-dessous pour y acc\u00e9der. Menu : Obtenir un compte [&hellip;]<\/p>\n","protected":false},"author":1,"featured_media":0,"parent":0,"menu_order":0,"comment_status":"closed","ping_status":"closed","template":"","meta":{"footnotes":""},"class_list":["post-41","page","type-page","status-publish","hentry"],"_links":{"self":[{"href":"https:\/\/www.trecissimo.com\/web\/wp-json\/wp\/v2\/pages\/41","targetHints":{"allow":["GET"]}}],"collection":[{"href":"https:\/\/www.trecissimo.com\/web\/wp-json\/wp\/v2\/pages"}],"about":[{"href":"https:\/\/www.trecissimo.com\/web\/wp-json\/wp\/v2\/types\/page"}],"author":[{"embeddable":true,"href":"https:\/\/www.trecissimo.com\/web\/wp-json\/wp\/v2\/users\/1"}],"replies":[{"embeddable":true,"href":"https:\/\/www.trecissimo.com\/web\/wp-json\/wp\/v2\/comments?post=41"}],"version-history":[{"count":11,"href":"https:\/\/www.trecissimo.com\/web\/wp-json\/wp\/v2\/pages\/41\/revisions"}],"predecessor-version":[{"id":155,"href":"https:\/\/www.trecissimo.com\/web\/wp-json\/wp\/v2\/pages\/41\/revisions\/155"}],"wp:attachment":[{"href":"https:\/\/www.trecissimo.com\/web\/wp-json\/wp\/v2\/media?parent=41"}],"curies":[{"name":"wp","href":"https:\/\/api.w.org\/{rel}","templated":true}]}}