{"id":43,"date":"2022-04-21T12:17:23","date_gmt":"2022-04-21T10:17:23","guid":{"rendered":"https:\/\/www.trecissimo.com\/web\/?page_id=43"},"modified":"2022-10-28T11:31:42","modified_gmt":"2022-10-28T09:31:42","slug":"manuel-du-juge-ou-controleur","status":"publish","type":"page","link":"https:\/\/www.trecissimo.com\/web\/manuel-du-juge-ou-controleur\/","title":{"rendered":"Manuel du juge ou contr\u00f4leur"},"content":{"rendered":"\n<p>TRECissimo permet aux juges et contr\u00f4leurs (vous) de saisir directement leurs donn\u00e9es dans le logiciel. Le Commissaire aux calculs et le Pr\u00e9sident du jury pourront, le cas \u00e9ch\u00e9ant, modifier ces donn\u00e9es.<\/p>\n\n\n\n<p>Vous interviendrez par le biais de formulaires en ligne qui, une fois charg\u00e9s, ne n\u00e9cessiteront plus d&rsquo;acc\u00e8s \u00e0 internet.<\/p>\n\n\n\n<p><strong>Important :<\/strong><br>Avant de partir en poste, vous devrez charger votre formulaire dans le navigateur web de votre appareil mobile. Une fois ce formulaire charg\u00e9, vous ne devrez plus fermer votre navigateur avant d&rsquo;avoir saisi toutes les donn\u00e9es de tous les concurrents (vous pouvez utiliser d&rsquo;autres applications, mais ne fermez pas le navigateur). Vous ne devrez pas non plus tenter de rafra\u00eechir la page.<br>En effet, si vous avez quitt\u00e9 votre navigateur et que vous n&rsquo;avez pas acc\u00e8s \u00e0 internet \u00e0 l&rsquo;endroit o\u00f9 vous \u00eates post\u00e9, au lancement du navigateur, celui-ci cherchera \u00e0 rafra\u00eechir la page du formulaire. N&rsquo;ayant pas d&rsquo;acc\u00e8s internet, vous obtiendrez une page d&rsquo;erreur et vous ne pourrez pas saisir vos donn\u00e9es.<br>Tout ce que vous saisirez sera enregistr\u00e9 sur votre appareil mobile. Les donn\u00e9es ne dispara\u00eetront pas. Ne gaspillez pas vos donn\u00e9es mobiles pour enregistrer r\u00e9guli\u00e8rement, cela ne sert \u00e0 rien. Vous pouvez m\u00eame passer votre smartphone en \u00ab\u00a0mode avion\u00a0\u00bb pour \u00e9conomiser sa batterie.<br>A votre retour, acc\u00e9dez \u00e0 une connexion internet et enregistrez vos donn\u00e9es (nous verrons comment plus loin).<\/p>\n\n\n\n<h2 class=\"wp-block-heading\">Se connecter<\/h2>\n\n\n\n<p>Allez sur <a href=\"https:\/\/www.trecissimo.com\/login.php\">https:\/\/www.trecissimo.com\/login.php<\/a> et identifiez-vous avec les identifiants que vous a fournis l&rsquo;organisateur du concours. Si vous ne parvenez pas \u00e0 saisir l&rsquo;adresse de connexion, demandez \u00e0 l&rsquo;organisateur de vous fournir le QR-code d&rsquo;acc\u00e8s \u00e0 la page d&rsquo;identification.<\/p>\n\n\n\n<h2 class=\"wp-block-heading\">Avant de partir en poste<\/h2>\n\n\n\n<p>Une fois identifi\u00e9, vous acc\u00e9dez \u00e0 votre page personnelle sur ce concours.<br>Un tableau en 3 colonnes (POR, Ma\u00eetrise des Allures et PTV) r\u00e9capitule les postes auxquels vous avez \u00e9t\u00e9 affect\u00e9, ainsi que des liens pour acc\u00e9der aux diff\u00e9rents formulaires de saisie.<\/p>\n\n\n\n<p>Au cas o\u00f9 vous n&rsquo;auriez pas d&rsquo;acc\u00e8s \u00e0 internet \u00e0 l&rsquo;endroit o\u00f9 se situe votre poste, chargez votre formulaire avant de partir. Une fois le formulaire charg\u00e9 dans votre navigateur, ne quittez plus votre navigateur jusqu&rsquo;\u00e0 ce que vous ayez saisi toutes les donn\u00e9es de tous les concurrents.<\/p>\n\n\n\n<p><strong>Important :<\/strong><br>Il se peut que vous ayez plusieurs navigateurs sur votre appareil. M\u00e9morisez bien dans quel navigateur vous avez charg\u00e9 votre formulaire et saisi vos donn\u00e9es. Les donn\u00e9es sont stock\u00e9es dans la m\u00e9moire du navigateur. Donc si vous changez de navigateur, vous ne retrouverez pas les donn\u00e9es saisies !<\/p>\n\n\n\n<h2 class=\"wp-block-heading\">Que faut-il saisir ?<\/h2>\n\n\n\n<p>Selon le poste auquel vous avez \u00e9t\u00e9 affect\u00e9, les donn\u00e9es \u00e0 saisir seront diff\u00e9rentes. Aucun calcul ne vous sera demand\u00e9. Tout sera calcul\u00e9 automatiquement lorsque vous enregistrerez vos donn\u00e9es. Saisissez \u00e0 la cha\u00eene en v\u00e9rifiant bien \u00e0 chaque fois que vous n&rsquo;\u00eates pas en train de vous tromper de concurrent.<br><strong>Les scores ne s&rsquo;affichent pas au fur et \u00e0 mesure<\/strong> : il s&rsquo;afficheront quand vous aurez enregistr\u00e9 vos donn\u00e9es. Ne cherchez donc pas \u00e0 obtenir le calcul des scores, continuez la saisie.<\/p>\n\n\n\n<p>Lorsque la saisie de toutes les donn\u00e9es de tous les concurrents pr\u00e9sents dans votre formulaire est termin\u00e9e, vous pouvez quitter votre navigateur en toute s\u00e9curit\u00e9. Les donn\u00e9es sont sauvegard\u00e9es dans votre navigateur.<\/p>\n\n\n\n<h2 class=\"wp-block-heading\">Enregistrer les donn\u00e9es<\/h2>\n\n\n\n<p>A votre retour, vous devrez enregistrer les donn\u00e9es que vous avec saisies.<\/p>\n\n\n\n<p>Assurez-vous d&rsquo;avoir acc\u00e8s \u00e0 internet. Cliquez sur l&rsquo;un des boutons \u00ab\u00a0V\u00e9rifier la connexion\u00a0\u00bb. <strong>Tous les boutons de votre formulaire enregistreront l&rsquo;ensemble de vos donn\u00e9es en une seule fois<\/strong>.<\/p>\n\n\n\n<ul class=\"wp-block-list\"><li>Si vous avez effectivement acc\u00e8s \u00e0 internet, on vous proposera d&rsquo;enregistrer vos donn\u00e9es. Cliquez sur le bouton \u00ab\u00a0OK\u00a0\u00bb. Laissez le temps que les donn\u00e9es soient transmises. Puis vous revenez sur la page de saisie o\u00f9 vous \u00e9tiez. Vos donn\u00e9es ont bien \u00e9t\u00e9 enregistr\u00e9es.<\/li><li>Si vous n&rsquo;avez pas acc\u00e8s \u00e0 internet, vous ne pourrez pas enregistrer. Trouvez une connexion internet et recommencez.<\/li><li>Si vous n&rsquo;avez pas enregistr\u00e9 les donn\u00e9es depuis longtemps, vous devrez d&rsquo;abord vous r\u00e9-identifier avant de pouvoir tout enregistrer.<\/li><\/ul>\n\n\n\n<p>Dans les 3 cas de figure ci-dessus, <strong>vos donn\u00e9es ne seront pas perdues<\/strong> et vous les retrouverez intactes lorsque vous retournerez sur la page du formulaire.<\/p>\n\n\n<p style=\"background: #c00; color: white; padding: 5px;\"><strong>J&rsquo;AI PERDU TOUTES MES DONN\u00c9ES !<\/strong><br \/>Pas de panique, les donn\u00e9es ne sont pas perdues, elle sont conserv\u00e9es \u00e0 vie.<br \/>Il est probable que vous ayez saisi vos notes sur un autre outil que celui sur lequel vous les recherchez. Refaites ce que vous avez fait lorsque vous avez charg\u00e9 votre formulaire avant de partir en poste. Il est possible, par exemple, que vous ayez utilis\u00e9 votre moteur de recherche pour trouver le site TRECissimo et que vous ayez charg\u00e9 votre formulaire \u00e0 partir de l\u00e0. Ce sera donc dans ce moteur de recherche que les donn\u00e9es auront \u00e9t\u00e9 enregistr\u00e9es et non dans votre navigateur&#8230;<\/p>","protected":false},"excerpt":{"rendered":"<p>TRECissimo permet aux juges et contr\u00f4leurs (vous) de saisir directement leurs donn\u00e9es dans le logiciel. Le Commissaire aux calculs et le Pr\u00e9sident du jury pourront, le cas \u00e9ch\u00e9ant, modifier ces donn\u00e9es. Vous interviendrez par le biais de formulaires en ligne qui, une fois charg\u00e9s, ne n\u00e9cessiteront plus d&rsquo;acc\u00e8s \u00e0 internet. Important :Avant de partir en [&hellip;]<\/p>\n","protected":false},"author":1,"featured_media":0,"parent":0,"menu_order":0,"comment_status":"closed","ping_status":"closed","template":"","meta":{"footnotes":""},"class_list":["post-43","page","type-page","status-publish","hentry"],"_links":{"self":[{"href":"https:\/\/www.trecissimo.com\/web\/wp-json\/wp\/v2\/pages\/43","targetHints":{"allow":["GET"]}}],"collection":[{"href":"https:\/\/www.trecissimo.com\/web\/wp-json\/wp\/v2\/pages"}],"about":[{"href":"https:\/\/www.trecissimo.com\/web\/wp-json\/wp\/v2\/types\/page"}],"author":[{"embeddable":true,"href":"https:\/\/www.trecissimo.com\/web\/wp-json\/wp\/v2\/users\/1"}],"replies":[{"embeddable":true,"href":"https:\/\/www.trecissimo.com\/web\/wp-json\/wp\/v2\/comments?post=43"}],"version-history":[{"count":19,"href":"https:\/\/www.trecissimo.com\/web\/wp-json\/wp\/v2\/pages\/43\/revisions"}],"predecessor-version":[{"id":210,"href":"https:\/\/www.trecissimo.com\/web\/wp-json\/wp\/v2\/pages\/43\/revisions\/210"}],"wp:attachment":[{"href":"https:\/\/www.trecissimo.com\/web\/wp-json\/wp\/v2\/media?parent=43"}],"curies":[{"name":"wp","href":"https:\/\/api.w.org\/{rel}","templated":true}]}}